{"id":1340,"date":"2024-11-12T14:27:39","date_gmt":"2024-11-12T13:27:39","guid":{"rendered":"https:\/\/schwabo.hu\/?page_id=1340"},"modified":"2025-10-31T09:46:45","modified_gmt":"2025-10-31T08:46:45","slug":"kisokos","status":"publish","type":"page","link":"https:\/\/schwabo.hu\/en\/kisokos\/","title":{"rendered":"Quick Guide"},"content":{"rendered":"<div data-elementor-type=\"wp-page\" data-elementor-id=\"1340\" class=\"elementor elementor-1340\" data-elementor-post-type=\"page\">\n\t\t\t\t<div class=\"elementor-element elementor-element-1f8d55e e-flex e-con-boxed e-con e-parent\" data-id=\"1f8d55e\" data-element_type=\"container\" data-settings=\"{&quot;background_background&quot;:&quot;classic&quot;}\">\n\t\t\t\t\t<div class=\"e-con-inner\">\n\t\t\t\t<div class=\"elementor-element elementor-element-30905c1 elementor-grid-1 elementor-grid-tablet-2 elementor-grid-mobile-1 elementor-posts--thumbnail-top elementor-widget elementor-widget-posts\" data-id=\"30905c1\" data-element_type=\"widget\" data-settings=\"{&quot;classic_columns&quot;:&quot;1&quot;,&quot;classic_columns_tablet&quot;:&quot;2&quot;,&quot;classic_columns_mobile&quot;:&quot;1&quot;,&quot;classic_row_gap&quot;:{&quot;unit&quot;:&quot;px&quot;,&quot;size&quot;:35,&quot;sizes&quot;:[]},&quot;classic_row_gap_tablet_extra&quot;:{&quot;unit&quot;:&quot;px&quot;,&quot;size&quot;:&quot;&quot;,&quot;sizes&quot;:[]},&quot;classic_row_gap_tablet&quot;:{&quot;unit&quot;:&quot;px&quot;,&quot;size&quot;:&quot;&quot;,&quot;sizes&quot;:[]},&quot;classic_row_gap_mobile&quot;:{&quot;unit&quot;:&quot;px&quot;,&quot;size&quot;:&quot;&quot;,&quot;sizes&quot;:[]}}\" data-widget_type=\"posts.classic\">\n\t\t\t\t<div class=\"elementor-widget-container\">\n\t\t\t\t\t<div class=\"elementor-posts-container elementor-posts elementor-posts--skin-classic elementor-grid\">\n\t\t\t\t<article class=\"elementor-post elementor-grid-item post-2098 page type-page status-publish hentry\">\n\t\t\t\t<div class=\"elementor-post__text\">\n\t\t\t\t<h3 class=\"elementor-post__title\">\n\t\t\t<a href=\"https:\/\/schwabo.hu\/en\/habszappan-alacsonyabb-koltseg-fokozott-higienia\/\" >\n\t\t\t\tFoam Soap: Lower Costs, Enhanced Hygiene\t\t\t<\/a>\n\t\t<\/h3>\n\t\t\t\t<div class=\"elementor-post__meta-data\">\n\t\t\t\t\t<span class=\"elementor-post-date\">\n\t\t\t2025.10.31.\t\t<\/span>\n\t\t\t\t<span class=\"elementor-post-avatar\">\n\t\t\tNo Comments\t\t<\/span>\n\t\t\t\t<\/div>\n\t\t\t\t<div class=\"elementor-post__excerpt\">\n\t\t\t<p>Foam Soap: Lower Costs, Enhanced Hygiene\nClean hands are the best defense against bacteria and viruses \u2013 especially during flu season. But which solution is the most cost-effective and hygienic?<\/p>\n\t\t<\/div>\n\t\t\t\t\t<div class=\"elementor-post__read-more-wrapper\">\n\t\t\n\t\t<a class=\"elementor-post__read-more\" href=\"https:\/\/schwabo.hu\/en\/habszappan-alacsonyabb-koltseg-fokozott-higienia\/\" aria-label=\"Read more about Habszappan: alacsonyabb k\u00f6lts\u00e9g, fokozott higi\u00e9nia\" tabindex=\"-1\" >\n\t\t\tRead more \u00bb\t\t<\/a>\n\n\t\t\t\t\t<\/div>\n\t\t\t\t<\/div>\n\t\t\t\t<\/article>\n\t\t\t\t<article class=\"elementor-post elementor-grid-item post-2089 page type-page status-publish hentry\">\n\t\t\t\t<div class=\"elementor-post__text\">\n\t\t\t\t<h3 class=\"elementor-post__title\">\n\t\t\t<a href=\"https:\/\/schwabo.hu\/en\/miert-jobb-a-papir-keztorlo\/\" >\n\t\t\t\tWhy is a Paper Hand Towel Better Than a Hand Dryer or Cloth Towel?\t\t\t<\/a>\n\t\t<\/h3>\n\t\t\t\t<div class=\"elementor-post__meta-data\">\n\t\t\t\t\t<span class=\"elementor-post-date\">\n\t\t\t2025.10.22.\t\t<\/span>\n\t\t\t\t<span class=\"elementor-post-avatar\">\n\t\t\tNo Comments\t\t<\/span>\n\t\t\t\t<\/div>\n\t\t\t\t<div class=\"elementor-post__excerpt\">\n\t\t\t<p>Why is a Paper Hand Towel Better Than a Hand Dryer or Cloth Towel?\nWashing your hands alone isn\u2019t enough \u2013 the way you dry them is just as important for hygiene. Yet, in many workplaces and institutions\u2026<\/p>\n\t\t<\/div>\n\t\t\t\t\t<div class=\"elementor-post__read-more-wrapper\">\n\t\t\n\t\t<a class=\"elementor-post__read-more\" href=\"https:\/\/schwabo.hu\/en\/miert-jobb-a-papir-keztorlo\/\" aria-label=\"Read more about Mi\u00e9rt jobb a pap\u00edr k\u00e9zt\u00f6rl\u0151, mint a k\u00e9zsz\u00e1r\u00edt\u00f3 vagy t\u00f6r\u00f6lk\u00f6z\u0151?\" tabindex=\"-1\" >\n\t\t\tRead more \u00bb\t\t<\/a>\n\n\t\t\t\t\t<\/div>\n\t\t\t\t<\/div>\n\t\t\t\t<\/article>\n\t\t\t\t<article class=\"elementor-post elementor-grid-item post-2025 page type-page status-publish hentry\">\n\t\t\t\t<div class=\"elementor-post__text\">\n\t\t\t\t<h3 class=\"elementor-post__title\">\n\t\t\t<a href=\"https:\/\/schwabo.hu\/en\/okosmegoldasok-1\/\" >\n\t\t\t\tWhy Is It More Beneficial to Buy Toilet Paper from Us Than from the Supermarket?\t\t\t<\/a>\n\t\t<\/h3>\n\t\t\t\t<div class=\"elementor-post__meta-data\">\n\t\t\t\t\t<span class=\"elementor-post-date\">\n\t\t\t2025.10.15.\t\t<\/span>\n\t\t\t\t<span class=\"elementor-post-avatar\">\n\t\t\tNo Comments\t\t<\/span>\n\t\t\t\t<\/div>\n\t\t\t\t<div class=\"elementor-post__excerpt\">\n\t\t\t<p>Why Is It More Beneficial to Buy Toilet Paper from Us Than from the Supermarket?\nPurchasing hygiene products may seem like a small matter at first, but upon closer look, it can represent a significant monthly expense for a company.<\/p>\n\t\t<\/div>\n\t\t\t\t\t<div class=\"elementor-post__read-more-wrapper\">\n\t\t\n\t\t<a class=\"elementor-post__read-more\" href=\"https:\/\/schwabo.hu\/en\/okosmegoldasok-1\/\" aria-label=\"Read more about Mi\u00e9rt \u00e9ri meg jobban t\u0151l\u00fcnk v\u00e1s\u00e1rolni WC-pap\u00edrt, mint a szupermarketb\u0151l?\" tabindex=\"-1\" >\n\t\t\tRead more \u00bb\t\t<\/a>\n\n\t\t\t\t\t<\/div>\n\t\t\t\t<\/div>\n\t\t\t\t<\/article>\n\t\t\t\t<article class=\"elementor-post elementor-grid-item post-1365 page type-page status-publish hentry\">\n\t\t\t\t<div class=\"elementor-post__text\">\n\t\t\t\t<h3 class=\"elementor-post__title\">\n\t\t\t<a href=\"https:\/\/schwabo.hu\/en\/hopapirok-megfelelo-tarolasa\/\" >\n\t\t\t\tProper storage of thermal paper tapes\t\t\t<\/a>\n\t\t<\/h3>\n\t\t\t\t<div class=\"elementor-post__meta-data\">\n\t\t\t\t\t<span class=\"elementor-post-date\">\n\t\t\t2024.11.12.\t\t<\/span>\n\t\t\t\t<span class=\"elementor-post-avatar\">\n\t\t\tNo Comments\t\t<\/span>\n\t\t\t\t<\/div>\n\t\t\t\t<div class=\"elementor-post__excerpt\">\n\t\t\t<p>Proper storage of thermal paper rolls To ensure the long-term usability of thermal paper rolls, it is important to provide them with proper storage conditions. Thermal paper is sensitive to environmental influences, so inappropriate storage can quickly<\/p>\n\t\t<\/div>\n\t\t\t\t\t<div class=\"elementor-post__read-more-wrapper\">\n\t\t\n\t\t<a class=\"elementor-post__read-more\" href=\"https:\/\/schwabo.hu\/en\/hopapirok-megfelelo-tarolasa\/\" aria-label=\"Read more about H\u0151pap\u00edr szalagok megfelel\u0151 t\u00e1rol\u00e1sa\" tabindex=\"-1\" >\n\t\t\tRead more \u00bb\t\t<\/a>\n\n\t\t\t\t\t<\/div>\n\t\t\t\t<\/div>\n\t\t\t\t<\/article>\n\t\t\t\t<article class=\"elementor-post elementor-grid-item post-1342 post type-post status-publish format-standard hentry category-egyeb\">\n\t\t\t\t<div class=\"elementor-post__text\">\n\t\t\t\t<h3 class=\"elementor-post__title\">\n\t\t\t<a href=\"https:\/\/schwabo.hu\/en\/hopapir-szalag-bpa-mentes-alapanyagbol\/\" >\n\t\t\t\tThermal paper tape made of BPA free material\t\t\t<\/a>\n\t\t<\/h3>\n\t\t\t\t<div class=\"elementor-post__meta-data\">\n\t\t\t\t\t<span class=\"elementor-post-date\">\n\t\t\t2024.11.12.\t\t<\/span>\n\t\t\t\t<span class=\"elementor-post-avatar\">\n\t\t\tNo Comments\t\t<\/span>\n\t\t\t\t<\/div>\n\t\t\t\t<div class=\"elementor-post__excerpt\">\n\t\t\t<p>In the production of our thermal paper tapes, we pay particular attention to ensuring that the source materials used are BPA (bisphenol A) free. BPA is a chemical that is widely used in the manufacture of various plastics and resins<\/p>\n\t\t<\/div>\n\t\t\t\t\t<div class=\"elementor-post__read-more-wrapper\">\n\t\t\n\t\t<a class=\"elementor-post__read-more\" href=\"https:\/\/schwabo.hu\/en\/hopapir-szalag-bpa-mentes-alapanyagbol\/\" aria-label=\"Read more about H\u0151pap\u00edr szalag BPA mentes alapanyagb\u00f3l\" tabindex=\"-1\" >\n\t\t\tRead more \u00bb\t\t<\/a>\n\n\t\t\t\t\t<\/div>\n\t\t\t\t<\/div>\n\t\t\t\t<\/article>\n\t\t\t\t<\/div>\n\t\t\n\t\t\t\t<\/div>\n\t\t\t\t<\/div>\n\t\t\t\t\t<\/div>\n\t\t\t\t<\/div>\n\t\t\t\t<\/div>","protected":false},"excerpt":{"rendered":"","protected":false},"author":1,"featured_media":0,"parent":0,"menu_order":0,"comment_status":"closed","ping_status":"closed","template":"elementor_header_footer","meta":{"footnotes":""},"class_list":["post-1340","page","type-page","status-publish","hentry"],"_links":{"self":[{"href":"https:\/\/schwabo.hu\/en\/wp-json\/wp\/v2\/pages\/1340","targetHints":{"allow":["GET"]}}],"collection":[{"href":"https:\/\/schwabo.hu\/en\/wp-json\/wp\/v2\/pages"}],"about":[{"href":"https:\/\/schwabo.hu\/en\/wp-json\/wp\/v2\/types\/page"}],"author":[{"embeddable":true,"href":"https:\/\/schwabo.hu\/en\/wp-json\/wp\/v2\/users\/1"}],"replies":[{"embeddable":true,"href":"https:\/\/schwabo.hu\/en\/wp-json\/wp\/v2\/comments?post=1340"}],"version-history":[{"count":28,"href":"https:\/\/schwabo.hu\/en\/wp-json\/wp\/v2\/pages\/1340\/revisions"}],"predecessor-version":[{"id":2106,"href":"https:\/\/schwabo.hu\/en\/wp-json\/wp\/v2\/pages\/1340\/revisions\/2106"}],"wp:attachment":[{"href":"https:\/\/schwabo.hu\/en\/wp-json\/wp\/v2\/media?parent=1340"}],"curies":[{"name":"wp","href":"https:\/\/api.w.org\/{rel}","templated":true}]}}