{"id":1354,"date":"2024-11-12T14:37:29","date_gmt":"2024-11-12T13:37:29","guid":{"rendered":"https:\/\/schwabo.hu\/?page_id=1354"},"modified":"2024-11-12T14:57:08","modified_gmt":"2024-11-12T13:57:08","slug":"hopapir-szalag-bpa-mentes-alapanyagbol","status":"publish","type":"page","link":"https:\/\/schwabo.hu\/en\/hopapir-szalag-bpa-mentes-alapanyagbol\/","title":{"rendered":"Thermal paper tape made of BPA free material"},"content":{"rendered":"<div data-elementor-type=\"wp-page\" data-elementor-id=\"1354\" class=\"elementor elementor-1354\" data-elementor-post-type=\"page\">\n\t\t\t\t<div class=\"elementor-element elementor-element-c4387ef e-flex e-con-boxed e-con e-parent\" data-id=\"c4387ef\" data-element_type=\"container\">\n\t\t\t\t\t<div class=\"e-con-inner\">\n\t\t\t\t<div class=\"elementor-element elementor-element-ecbf56c elementor-widget elementor-widget-heading\" data-id=\"ecbf56c\" data-element_type=\"widget\" data-widget_type=\"heading.default\">\n\t\t\t\t<div class=\"elementor-widget-container\">\n\t\t\t<h2 class=\"elementor-heading-title elementor-size-default\">Thermal paper tape made of BPA free material<\/h2>\t\t<\/div>\n\t\t\t\t<\/div>\n\t\t\t\t\t<\/div>\n\t\t\t\t<\/div>\n\t\t<div class=\"elementor-element elementor-element-05f5f74 e-flex e-con-boxed e-con e-parent\" data-id=\"05f5f74\" data-element_type=\"container\" data-settings=\"{&quot;background_background&quot;:&quot;classic&quot;}\">\n\t\t\t\t\t<div class=\"e-con-inner\">\n\t\t\t\t<div class=\"elementor-element elementor-element-6f71eef elementor-widget elementor-widget-text-editor\" data-id=\"6f71eef\" data-element_type=\"widget\" data-widget_type=\"text-editor.default\">\n\t\t\t\t<div class=\"elementor-widget-container\">\n\t\t\t\t\t\t\t<p>In the production of our thermal paper tapes, we pay particular attention to ensuring that the source materials used are BPA (bisphenol A) free. BPA is a compound that is widely used in the manufacture of various plastics and resins, but is increasingly being avoided in many industries due to its health risks.<\/p><p>\u00a0<\/p><p><b>Why is BPA-free important?<\/b><\/p><p>\u00a0<\/p><p><b>Health benefits:<\/b><\/p><p>Related health problems of BPAs include hormonal disruption, reproductive problems and cardiovascular disease. Using BPA-free thermal paper tape reduces the risk to users, making it a safer alternative to traditional thermal paper.<\/p><p>\u00a0<\/p><p><b>Environmentally friendly solution:<\/b><\/p><p>The use of BPA-free source materials contributes to the protection of the environment, as these materials have a lower environmental impact. Choosing environmentally sustainable manufacturing processes and materials helps protect the environment by reducing emissions of pollutants.<\/p><p>\u00a0<\/p><p><b>Consumer trust:<\/b><\/p><p>Increasingly aware consumers are concerned about the safety and quality of products. The distribution of BPA-free thermal paper strips helps to increase consumer confidence as people increasingly seek natural and safe alternatives in everyday products.<br \/><span style=\"background-color: transparent; text-align: var(--text-align);\"><br \/><b>Jobb nyomtat\u00e1si teljes\u00edtm\u00e9ny:<\/b><\/span><\/p><p>BPA-free thermal papers often provide better quality print performance because they do not contain chemicals that can affect the vibrancy and durability of prints. This is particularly important in applications where the long-term legibility of printed information is key, such as cash registers, label printers or medical records.<\/p><p>\u00a0<\/p><p><br \/><b>Corporate responsibility:<\/b><\/p><p>The production and distribution of BPA-free thermal paper tapes not only improves the quality of our products, but also reflects our corporate social responsibility. We are committed to safe and sustainable solutions that contribute to the well-being of the community.<\/p><p>\u00a0<\/p><p><b>Regulatory compliance:<\/b><\/p><p>Chemical regulations are being tightened in many countries and regions, and making products BPA-free helps ensure we comply with the latest legislation. This is particularly important for those working in the financial and healthcare sectors where compliance with regulations is key.<\/p><p>\u00a0<\/p><p><b>\u00d6sszegz\u00e9s<\/b><\/p><p>\u00a0<\/p><p>Thermal paper tapes made from BPA-free source materials not only offer health benefits, but also contribute to sustainable development and consumer confidence. Our company is committed to providing our partners with the best quality, safe and environmentally friendly products. Using BPA-free thermal paper tapes is therefore a smart choice for anyone who values quality, safety and sustainability.<\/p>\t\t\t\t\t\t<\/div>\n\t\t\t\t<\/div>\n\t\t\t\t\t<\/div>\n\t\t\t\t<\/div>\n\t\t\t\t<\/div>","protected":false},"excerpt":{"rendered":"<p>H\u0151pap\u00edr szalag BPA mentes alapanyagb\u00f3l A h\u0151pap\u00edr szalagok gy\u00e1rt\u00e1sa sor\u00e1n kiemelt figyelmet ford\u00edtunk arra, hogy a felhaszn\u00e1lt alapanyagok BPA (biszfenol A) mentesek legyenek. A BPA egy vegy\u00fclet, amelyet sz\u00e9les k\u00f6rben haszn\u00e1lnak k\u00fcl\u00f6nf\u00e9le m\u0171anyagok \u00e9s gyant\u00e1k el\u0151\u00e1ll\u00edt\u00e1s\u00e1ban, azonban az eg\u00e9szs\u00e9g\u00fcgyi kock\u00e1zatai miatt egyre t\u00f6bb ipar\u00e1gban pr\u00f3b\u00e1lj\u00e1k elker\u00fclni a haszn\u00e1lat\u00e1t. \u00a0 Mi\u00e9rt fontos a BPA-mentess\u00e9g? \u00a0 Eg\u00e9szs\u00e9g\u00fcgyi [&hellip;]<\/p>","protected":false},"author":1,"featured_media":0,"parent":0,"menu_order":0,"comment_status":"closed","ping_status":"closed","template":"elementor_header_footer","meta":{"footnotes":""},"class_list":["post-1354","page","type-page","status-publish","hentry"],"_links":{"self":[{"href":"https:\/\/schwabo.hu\/en\/wp-json\/wp\/v2\/pages\/1354","targetHints":{"allow":["GET"]}}],"collection":[{"href":"https:\/\/schwabo.hu\/en\/wp-json\/wp\/v2\/pages"}],"about":[{"href":"https:\/\/schwabo.hu\/en\/wp-json\/wp\/v2\/types\/page"}],"author":[{"embeddable":true,"href":"https:\/\/schwabo.hu\/en\/wp-json\/wp\/v2\/users\/1"}],"replies":[{"embeddable":true,"href":"https:\/\/schwabo.hu\/en\/wp-json\/wp\/v2\/comments?post=1354"}],"version-history":[{"count":13,"href":"https:\/\/schwabo.hu\/en\/wp-json\/wp\/v2\/pages\/1354\/revisions"}],"predecessor-version":[{"id":1400,"href":"https:\/\/schwabo.hu\/en\/wp-json\/wp\/v2\/pages\/1354\/revisions\/1400"}],"wp:attachment":[{"href":"https:\/\/schwabo.hu\/en\/wp-json\/wp\/v2\/media?parent=1354"}],"curies":[{"name":"wp","href":"https:\/\/api.w.org\/{rel}","templated":true}]}}