{"id":1940,"date":"2025-08-07T13:58:45","date_gmt":"2025-08-07T11:58:45","guid":{"rendered":"https:\/\/schwabo.hu\/?page_id=1940"},"modified":"2025-08-07T14:17:38","modified_gmt":"2025-08-07T12:17:38","slug":"katrin-tanusitvanyok","status":"publish","type":"page","link":"https:\/\/schwabo.hu\/en\/katrin-tanusitvanyok\/","title":{"rendered":"Katrin certificates"},"content":{"rendered":"<div data-elementor-type=\"wp-page\" data-elementor-id=\"1940\" class=\"elementor elementor-1940\" data-elementor-post-type=\"page\">\n\t\t\t\t\t\t<section class=\"elementor-section elementor-top-section elementor-element elementor-element-b3d9bd7 elementor-section-boxed elementor-section-height-default elementor-section-height-default\" data-id=\"b3d9bd7\" data-element_type=\"section\" data-settings=\"{&quot;background_background&quot;:&quot;classic&quot;}\">\n\t\t\t\t\t\t<div class=\"elementor-container elementor-column-gap-default\">\n\t\t\t\t\t<div class=\"elementor-column elementor-col-50 elementor-top-column elementor-element elementor-element-6934fa4\" data-id=\"6934fa4\" data-element_type=\"column\" data-settings=\"{&quot;background_background&quot;:&quot;classic&quot;}\">\n\t\t\t<div class=\"elementor-widget-wrap elementor-element-populated\">\n\t\t\t\t\t\t<div class=\"elementor-element elementor-element-2c5333e elementor-widget__width-auto elementor-widget elementor-widget-image\" data-id=\"2c5333e\" data-element_type=\"widget\" data-widget_type=\"image.default\">\n\t\t\t\t<div class=\"elementor-widget-container\">\n\t\t\t\t\t\t\t\t\t\t\t\t\t<img fetchpriority=\"high\" decoding=\"async\" width=\"768\" height=\"641\" src=\"https:\/\/schwabo.hu\/wp-content\/uploads\/2025\/08\/katrin_tanusitvanyok-768x641.png\" class=\"attachment-medium_large size-medium_large wp-image-1942\" alt=\"\" srcset=\"https:\/\/schwabo.hu\/wp-content\/uploads\/2025\/08\/katrin_tanusitvanyok-768x641.png 768w, https:\/\/schwabo.hu\/wp-content\/uploads\/2025\/08\/katrin_tanusitvanyok-300x251.png 300w, https:\/\/schwabo.hu\/wp-content\/uploads\/2025\/08\/katrin_tanusitvanyok-14x12.png 14w, https:\/\/schwabo.hu\/wp-content\/uploads\/2025\/08\/katrin_tanusitvanyok.png 1000w\" sizes=\"(max-width: 768px) 100vw, 768px\" \/>\t\t\t\t\t\t\t\t\t\t\t\t\t<\/div>\n\t\t\t\t<\/div>\n\t\t\t\t\t<\/div>\n\t\t<\/div>\n\t\t\t\t<div class=\"elementor-column elementor-col-50 elementor-top-column elementor-element elementor-element-c29e4fc\" data-id=\"c29e4fc\" data-element_type=\"column\">\n\t\t\t<div class=\"elementor-widget-wrap elementor-element-populated\">\n\t\t\t\t\t\t<div class=\"elementor-element elementor-element-39ea7cb elementor-widget elementor-widget-heading\" data-id=\"39ea7cb\" data-element_type=\"widget\" data-widget_type=\"heading.default\">\n\t\t\t\t<div class=\"elementor-widget-container\">\n\t\t\t<h2 class=\"elementor-heading-title elementor-size-default\">Katrin product certificates\n\n\n\n <br>\n<\/h2>\t\t<\/div>\n\t\t\t\t<\/div>\n\t\t\t\t<div class=\"elementor-element elementor-element-ab0400a elementor-widget elementor-widget-text-editor\" data-id=\"ab0400a\" data-element_type=\"widget\" data-widget_type=\"text-editor.default\">\n\t\t\t\t<div class=\"elementor-widget-container\">\n\t\t\t\t\t\t\t<p data-start=\"208\" data-end=\"548\">A <strong data-start=\"210\" data-end=\"225\">Mets\u00e4 Group<\/strong> It is extremely important for Mets\u00e4 Group to manufacture products that are reliable, high-quality, safe to use, and have as little impact on the environment as possible. This is not a one-time task, but a continuous development process, an integral part of which is obtaining and maintaining certifications.<\/p><p data-start=\"550\" data-end=\"961\">Annak \u00e9rdek\u00e9ben, hogy ez a fejl\u0151d\u00e9s ne \u00e1lljon meg, a <strong data-start=\"603\" data-end=\"618\">Mets\u00e4 Group<\/strong> To ensure that this development continues, Mets\u00e4 Group regularly certifies its products and manufacturing processes according to various international standards. Independent certification bodies not only monitor our operations, but also set new requirements \u2013 often even ahead of legislation. In addition, they help us to develop further with their useful feedback and suggestions.<\/p><p data-start=\"963\" data-end=\"1471\" class=\"translation-block\">There is a growing demand from customers, purchasers and public institutions for sustainable, environmentally friendly products. Katrin's product range takes this demand fully into account: all products comply with the latest quality standards and environmental certifications. So when you buy, distribute, or use Katrin products\u2014whether toilet paper or industrial wipes\u2014you can be sure that you are making a responsible, conscious decision from an environmental, economic, and social perspective.<\/p><p data-start=\"1473\" data-end=\"1670\" class=\"translation-block\">Below, we outline the certifications that Katrin products have, what they mean, and how they benefit you as a reseller, buyer, or user.<\/p>\t\t\t\t\t\t<\/div>\n\t\t\t\t<\/div>\n\t\t\t\t<div class=\"elementor-element elementor-element-9ebe45a elementor-hidden-tablet elementor-hidden-mobile elementor-widget elementor-widget-spacer\" data-id=\"9ebe45a\" data-element_type=\"widget\" data-widget_type=\"spacer.default\">\n\t\t\t\t<div class=\"elementor-widget-container\">\n\t\t\t\t\t<div class=\"elementor-spacer\">\n\t\t\t<div class=\"elementor-spacer-inner\"><\/div>\n\t\t<\/div>\n\t\t\t\t<\/div>\n\t\t\t\t<\/div>\n\t\t\t\t\t<\/div>\n\t\t<\/div>\n\t\t\t\t\t<\/div>\n\t\t<\/section>\n\t\t<div class=\"elementor-element elementor-element-561bbd5 e-grid e-con-boxed e-con e-parent\" data-id=\"561bbd5\" data-element_type=\"container\">\n\t\t\t\t\t<div class=\"e-con-inner\">\n\t\t\t\t<div class=\"elementor-element elementor-element-6659dcb elementor-position-top elementor-widget elementor-widget-image-box\" data-id=\"6659dcb\" data-element_type=\"widget\" data-widget_type=\"image-box.default\">\n\t\t\t\t<div class=\"elementor-widget-container\">\n\t\t\t<div class=\"elementor-image-box-wrapper\"><figure class=\"elementor-image-box-img\"><img decoding=\"async\" width=\"807\" height=\"807\" src=\"https:\/\/schwabo.hu\/wp-content\/uploads\/2025\/08\/ce_807x807-1.webp\" class=\"attachment-full size-full wp-image-1943\" alt=\"\" srcset=\"https:\/\/schwabo.hu\/wp-content\/uploads\/2025\/08\/ce_807x807-1.webp 807w, https:\/\/schwabo.hu\/wp-content\/uploads\/2025\/08\/ce_807x807-1-300x300.webp 300w, https:\/\/schwabo.hu\/wp-content\/uploads\/2025\/08\/ce_807x807-1-150x150.webp 150w, https:\/\/schwabo.hu\/wp-content\/uploads\/2025\/08\/ce_807x807-1-768x768.webp 768w, https:\/\/schwabo.hu\/wp-content\/uploads\/2025\/08\/ce_807x807-1-12x12.webp 12w\" sizes=\"(max-width: 807px) 100vw, 807px\" \/><\/figure><div class=\"elementor-image-box-content\"><h3 class=\"elementor-image-box-title\">CE-Certificate<\/h3><p class=\"elementor-image-box-description\">You can be sure that the products you sell, buy, or use comply with EU safety standards.<\/p><\/div><\/div>\t\t<\/div>\n\t\t\t\t<\/div>\n\t\t\t\t<div class=\"elementor-element elementor-element-0b0558f elementor-position-top elementor-widget elementor-widget-image-box\" data-id=\"0b0558f\" data-element_type=\"widget\" data-widget_type=\"image-box.default\">\n\t\t\t\t<div class=\"elementor-widget-container\">\n\t\t\t<div class=\"elementor-image-box-wrapper\"><figure class=\"elementor-image-box-img\"><img decoding=\"async\" width=\"807\" height=\"807\" src=\"https:\/\/schwabo.hu\/wp-content\/uploads\/2025\/08\/eu-ecolabel-katrin-1.webp\" class=\"attachment-full size-full wp-image-1945\" alt=\"\" srcset=\"https:\/\/schwabo.hu\/wp-content\/uploads\/2025\/08\/eu-ecolabel-katrin-1.webp 807w, https:\/\/schwabo.hu\/wp-content\/uploads\/2025\/08\/eu-ecolabel-katrin-1-300x300.webp 300w, https:\/\/schwabo.hu\/wp-content\/uploads\/2025\/08\/eu-ecolabel-katrin-1-150x150.webp 150w, https:\/\/schwabo.hu\/wp-content\/uploads\/2025\/08\/eu-ecolabel-katrin-1-768x768.webp 768w, https:\/\/schwabo.hu\/wp-content\/uploads\/2025\/08\/eu-ecolabel-katrin-1-12x12.webp 12w\" sizes=\"(max-width: 807px) 100vw, 807px\" \/><\/figure><div class=\"elementor-image-box-content\"><h3 class=\"elementor-image-box-title\">EU Ecolabel<\/h3><p class=\"elementor-image-box-description\">Katrin paper products bearing the EU Ecolabel contain recycled fibers or fresh fibers sourced exclusively from 100% sustainable forestry, while air and water pollution and energy consumption are limited during production, and the use of chemicals is strictly regulated \u2013 guaranteeing an environmentally conscious choice. energy consumption is limited, and the use of chemicals is strictly regulated during production \u2013 guaranteeing an environmentally conscious choice.<\/p><\/div><\/div>\t\t<\/div>\n\t\t\t\t<\/div>\n\t\t\t\t<div class=\"elementor-element elementor-element-88a342a elementor-position-top elementor-widget elementor-widget-image-box\" data-id=\"88a342a\" data-element_type=\"widget\" data-widget_type=\"image-box.default\">\n\t\t\t\t<div class=\"elementor-widget-container\">\n\t\t\t<div class=\"elementor-image-box-wrapper\"><figure class=\"elementor-image-box-img\"><img loading=\"lazy\" decoding=\"async\" width=\"807\" height=\"807\" src=\"https:\/\/schwabo.hu\/wp-content\/uploads\/2025\/08\/glas_and_fork_807x807px-1.webp\" class=\"attachment-full size-full wp-image-1946\" alt=\"\" srcset=\"https:\/\/schwabo.hu\/wp-content\/uploads\/2025\/08\/glas_and_fork_807x807px-1.webp 807w, https:\/\/schwabo.hu\/wp-content\/uploads\/2025\/08\/glas_and_fork_807x807px-1-300x300.webp 300w, https:\/\/schwabo.hu\/wp-content\/uploads\/2025\/08\/glas_and_fork_807x807px-1-150x150.webp 150w, https:\/\/schwabo.hu\/wp-content\/uploads\/2025\/08\/glas_and_fork_807x807px-1-768x768.webp 768w, https:\/\/schwabo.hu\/wp-content\/uploads\/2025\/08\/glas_and_fork_807x807px-1-12x12.webp 12w\" sizes=\"(max-width: 807px) 100vw, 807px\" \/><\/figure><div class=\"elementor-image-box-content\"><h3 class=\"elementor-image-box-title\">Food compatible<\/h3><p class=\"elementor-image-box-description\">The cup and fork symbol clearly indicates that the product is safe for use with food, making it an easy choice for reliable solutions in catering, the food industry, or household use.<\/p><\/div><\/div>\t\t<\/div>\n\t\t\t\t<\/div>\n\t\t\t\t<div class=\"elementor-element elementor-element-969b8db elementor-position-top elementor-widget elementor-widget-image-box\" data-id=\"969b8db\" data-element_type=\"widget\" data-widget_type=\"image-box.default\">\n\t\t\t\t<div class=\"elementor-widget-container\">\n\t\t\t<div class=\"elementor-image-box-wrapper\"><figure class=\"elementor-image-box-img\"><img loading=\"lazy\" decoding=\"async\" width=\"807\" height=\"807\" src=\"https:\/\/schwabo.hu\/wp-content\/uploads\/2025\/08\/nordic_swan_label_807x807px-1.webp\" class=\"attachment-full size-full wp-image-1947\" alt=\"\" srcset=\"https:\/\/schwabo.hu\/wp-content\/uploads\/2025\/08\/nordic_swan_label_807x807px-1.webp 807w, https:\/\/schwabo.hu\/wp-content\/uploads\/2025\/08\/nordic_swan_label_807x807px-1-300x300.webp 300w, https:\/\/schwabo.hu\/wp-content\/uploads\/2025\/08\/nordic_swan_label_807x807px-1-150x150.webp 150w, https:\/\/schwabo.hu\/wp-content\/uploads\/2025\/08\/nordic_swan_label_807x807px-1-768x768.webp 768w, https:\/\/schwabo.hu\/wp-content\/uploads\/2025\/08\/nordic_swan_label_807x807px-1-12x12.webp 12w\" sizes=\"(max-width: 807px) 100vw, 807px\" \/><\/figure><div class=\"elementor-image-box-content\"><h3 class=\"elementor-image-box-title\">Nordic Swan eco-label<\/h3><p class=\"elementor-image-box-description\">With Katrin products bearing the Nordic Swan label, you can be sure that they have been manufactured with low environmental impact: air and water pollution is controlled during production, energy consumption is limited, the fibers come from sustainable sources, and the chemicals used are subject to strict regulations.<\/p><\/div><\/div>\t\t<\/div>\n\t\t\t\t<\/div>\n\t\t\t\t<div class=\"elementor-element elementor-element-09a876d elementor-position-top elementor-widget elementor-widget-image-box\" data-id=\"09a876d\" data-element_type=\"widget\" data-widget_type=\"image-box.default\">\n\t\t\t\t<div class=\"elementor-widget-container\">\n\t\t\t<div class=\"elementor-image-box-wrapper\"><figure class=\"elementor-image-box-img\"><img loading=\"lazy\" decoding=\"async\" width=\"807\" height=\"807\" src=\"https:\/\/schwabo.hu\/wp-content\/uploads\/2025\/08\/iso_9001_807x807_px-1.webp\" class=\"attachment-full size-full wp-image-1948\" alt=\"\" srcset=\"https:\/\/schwabo.hu\/wp-content\/uploads\/2025\/08\/iso_9001_807x807_px-1.webp 807w, https:\/\/schwabo.hu\/wp-content\/uploads\/2025\/08\/iso_9001_807x807_px-1-300x300.webp 300w, https:\/\/schwabo.hu\/wp-content\/uploads\/2025\/08\/iso_9001_807x807_px-1-150x150.webp 150w, https:\/\/schwabo.hu\/wp-content\/uploads\/2025\/08\/iso_9001_807x807_px-1-768x768.webp 768w, https:\/\/schwabo.hu\/wp-content\/uploads\/2025\/08\/iso_9001_807x807_px-1-12x12.webp 12w\" sizes=\"(max-width: 807px) 100vw, 807px\" \/><\/figure><div class=\"elementor-image-box-content\"><h3 class=\"elementor-image-box-title\">ISO 9001 <\/h3><p class=\"elementor-image-box-description\">Thanks to ISO 9001 certification, Katrin products always represent high and consistent quality, while Mets\u00e4 Tissue continuously develops its processes and products for functionality and competitiveness.<\/p><\/div><\/div>\t\t<\/div>\n\t\t\t\t<\/div>\n\t\t\t\t<div class=\"elementor-element elementor-element-62c08f6 elementor-position-top elementor-widget elementor-widget-image-box\" data-id=\"62c08f6\" data-element_type=\"widget\" data-widget_type=\"image-box.default\">\n\t\t\t\t<div class=\"elementor-widget-container\">\n\t\t\t<div class=\"elementor-image-box-wrapper\"><figure class=\"elementor-image-box-img\"><img loading=\"lazy\" decoding=\"async\" width=\"807\" height=\"807\" src=\"https:\/\/schwabo.hu\/wp-content\/uploads\/2025\/08\/iso_14001_807_807px-1.webp\" class=\"attachment-full size-full wp-image-1949\" alt=\"\" srcset=\"https:\/\/schwabo.hu\/wp-content\/uploads\/2025\/08\/iso_14001_807_807px-1.webp 807w, https:\/\/schwabo.hu\/wp-content\/uploads\/2025\/08\/iso_14001_807_807px-1-300x300.webp 300w, https:\/\/schwabo.hu\/wp-content\/uploads\/2025\/08\/iso_14001_807_807px-1-150x150.webp 150w, https:\/\/schwabo.hu\/wp-content\/uploads\/2025\/08\/iso_14001_807_807px-1-768x768.webp 768w, https:\/\/schwabo.hu\/wp-content\/uploads\/2025\/08\/iso_14001_807_807px-1-12x12.webp 12w\" sizes=\"(max-width: 807px) 100vw, 807px\" \/><\/figure><div class=\"elementor-image-box-content\"><h3 class=\"elementor-image-box-title\">ISO 14001<\/h3><p class=\"elementor-image-box-description\">Mets\u00e4 Tissue, and therefore Katrin products, are certified according to ISO 14001, which guarantees that production is environmentally friendly and that the company continuously strives to improve its environmental performance.<\/p><\/div><\/div>\t\t<\/div>\n\t\t\t\t<\/div>\n\t\t\t\t<div class=\"elementor-element elementor-element-bd0084a elementor-position-top elementor-widget elementor-widget-image-box\" data-id=\"bd0084a\" data-element_type=\"widget\" data-widget_type=\"image-box.default\">\n\t\t\t\t<div class=\"elementor-widget-container\">\n\t\t\t<div class=\"elementor-image-box-wrapper\"><figure class=\"elementor-image-box-img\"><img loading=\"lazy\" decoding=\"async\" width=\"807\" height=\"807\" src=\"https:\/\/schwabo.hu\/wp-content\/uploads\/2025\/08\/green_pack_807x807px-1.webp\" class=\"attachment-full size-full wp-image-1950\" alt=\"\" srcset=\"https:\/\/schwabo.hu\/wp-content\/uploads\/2025\/08\/green_pack_807x807px-1.webp 807w, https:\/\/schwabo.hu\/wp-content\/uploads\/2025\/08\/green_pack_807x807px-1-300x300.webp 300w, https:\/\/schwabo.hu\/wp-content\/uploads\/2025\/08\/green_pack_807x807px-1-150x150.webp 150w, https:\/\/schwabo.hu\/wp-content\/uploads\/2025\/08\/green_pack_807x807px-1-768x768.webp 768w, https:\/\/schwabo.hu\/wp-content\/uploads\/2025\/08\/green_pack_807x807px-1-12x12.webp 12w\" sizes=\"(max-width: 807px) 100vw, 807px\" \/><\/figure><div class=\"elementor-image-box-content\"><h3 class=\"elementor-image-box-title\">Green Pack<\/h3><p class=\"elementor-image-box-description\">By purchasing, selling, or using Katrin products labeled with the Green Pack label, you are contributing to reducing the use of fossil-based raw materials and to a more sustainable future.<\/p><\/div><\/div>\t\t<\/div>\n\t\t\t\t<\/div>\n\t\t\t\t<div class=\"elementor-element elementor-element-d0248b8 elementor-position-top elementor-widget elementor-widget-image-box\" data-id=\"d0248b8\" data-element_type=\"widget\" data-widget_type=\"image-box.default\">\n\t\t\t\t<div class=\"elementor-widget-container\">\n\t\t\t<div class=\"elementor-image-box-wrapper\"><figure class=\"elementor-image-box-img\"><img loading=\"lazy\" decoding=\"async\" width=\"807\" height=\"807\" src=\"https:\/\/schwabo.hu\/wp-content\/uploads\/2025\/08\/swiadectwo-pzh-807x807-1.webp\" class=\"attachment-full size-full wp-image-1951\" alt=\"\" srcset=\"https:\/\/schwabo.hu\/wp-content\/uploads\/2025\/08\/swiadectwo-pzh-807x807-1.webp 807w, https:\/\/schwabo.hu\/wp-content\/uploads\/2025\/08\/swiadectwo-pzh-807x807-1-300x300.webp 300w, https:\/\/schwabo.hu\/wp-content\/uploads\/2025\/08\/swiadectwo-pzh-807x807-1-150x150.webp 150w, https:\/\/schwabo.hu\/wp-content\/uploads\/2025\/08\/swiadectwo-pzh-807x807-1-768x768.webp 768w, https:\/\/schwabo.hu\/wp-content\/uploads\/2025\/08\/swiadectwo-pzh-807x807-1-12x12.webp 12w\" sizes=\"(max-width: 807px) 100vw, 807px\" \/><\/figure><div class=\"elementor-image-box-content\"><h3 class=\"elementor-image-box-title\">PZH Health Quality Certificate<\/h3><p class=\"elementor-image-box-description\">This certificate confirms that Katrin products have been tested through rigorous testing and laboratory analysis, ensuring they are safe for consumers and meet all required standards.<\/p><\/div><\/div>\t\t<\/div>\n\t\t\t\t<\/div>\n\t\t\t\t<div class=\"elementor-element elementor-element-18b6aaf elementor-position-top elementor-widget elementor-widget-image-box\" data-id=\"18b6aaf\" data-element_type=\"widget\" data-widget_type=\"image-box.default\">\n\t\t\t\t<div class=\"elementor-widget-container\">\n\t\t\t<div class=\"elementor-image-box-wrapper\"><figure class=\"elementor-image-box-img\"><img loading=\"lazy\" decoding=\"async\" width=\"807\" height=\"807\" src=\"https:\/\/schwabo.hu\/wp-content\/uploads\/2025\/08\/katrin-fsc-logo.jpg\" class=\"attachment-full size-full wp-image-1952\" alt=\"\" srcset=\"https:\/\/schwabo.hu\/wp-content\/uploads\/2025\/08\/katrin-fsc-logo.jpg 807w, https:\/\/schwabo.hu\/wp-content\/uploads\/2025\/08\/katrin-fsc-logo-300x300.jpg 300w, https:\/\/schwabo.hu\/wp-content\/uploads\/2025\/08\/katrin-fsc-logo-150x150.jpg 150w, https:\/\/schwabo.hu\/wp-content\/uploads\/2025\/08\/katrin-fsc-logo-768x768.jpg 768w, https:\/\/schwabo.hu\/wp-content\/uploads\/2025\/08\/katrin-fsc-logo-12x12.jpg 12w\" sizes=\"(max-width: 807px) 100vw, 807px\" \/><\/figure><div class=\"elementor-image-box-content\"><h3 class=\"elementor-image-box-title\">FSC certificate<\/h3><p class=\"elementor-image-box-description\">The FSC chain of custody requirements guarantee that the wood comes from sustainable, responsible forestry, taking into account social, environmental, and economic aspects.<\/p><\/div><\/div>\t\t<\/div>\n\t\t\t\t<\/div>\n\t\t\t\t<div class=\"elementor-element elementor-element-40707ce elementor-position-top elementor-widget elementor-widget-image-box\" data-id=\"40707ce\" data-element_type=\"widget\" data-widget_type=\"image-box.default\">\n\t\t\t\t<div class=\"elementor-widget-container\">\n\t\t\t<div class=\"elementor-image-box-wrapper\"><figure class=\"elementor-image-box-img\"><img loading=\"lazy\" decoding=\"async\" width=\"2340\" height=\"2340\" src=\"https:\/\/schwabo.hu\/wp-content\/uploads\/2025\/08\/katrin-pefc-logo-new1-1.webp\" class=\"attachment-full size-full wp-image-1953\" alt=\"\" srcset=\"https:\/\/schwabo.hu\/wp-content\/uploads\/2025\/08\/katrin-pefc-logo-new1-1.webp 2340w, https:\/\/schwabo.hu\/wp-content\/uploads\/2025\/08\/katrin-pefc-logo-new1-1-300x300.webp 300w, https:\/\/schwabo.hu\/wp-content\/uploads\/2025\/08\/katrin-pefc-logo-new1-1-1024x1024.webp 1024w, https:\/\/schwabo.hu\/wp-content\/uploads\/2025\/08\/katrin-pefc-logo-new1-1-150x150.webp 150w, https:\/\/schwabo.hu\/wp-content\/uploads\/2025\/08\/katrin-pefc-logo-new1-1-768x768.webp 768w, https:\/\/schwabo.hu\/wp-content\/uploads\/2025\/08\/katrin-pefc-logo-new1-1-1536x1536.webp 1536w, https:\/\/schwabo.hu\/wp-content\/uploads\/2025\/08\/katrin-pefc-logo-new1-1-2048x2048.webp 2048w, https:\/\/schwabo.hu\/wp-content\/uploads\/2025\/08\/katrin-pefc-logo-new1-1-12x12.webp 12w\" sizes=\"(max-width: 2340px) 100vw, 2340px\" \/><\/figure><div class=\"elementor-image-box-content\"><h3 class=\"elementor-image-box-title\">FSC certificate<\/h3><p class=\"elementor-image-box-description\">By purchasing, selling, and using PEFC-certified products, you can be sure that you are making a sustainable, environmentally friendly choice, which is increasingly important for consumers, professional purchases, and public procurement.\n\n<\/p><\/div><\/div>\t\t<\/div>\n\t\t\t\t<\/div>\n\t\t\t\t<div class=\"elementor-element elementor-element-875a5f9 elementor-position-top elementor-widget elementor-widget-image-box\" data-id=\"875a5f9\" data-element_type=\"widget\" data-widget_type=\"image-box.default\">\n\t\t\t\t<div class=\"elementor-widget-container\">\n\t\t\t<div class=\"elementor-image-box-wrapper\"><figure class=\"elementor-image-box-img\"><img loading=\"lazy\" decoding=\"async\" width=\"807\" height=\"807\" src=\"https:\/\/schwabo.hu\/wp-content\/uploads\/2025\/08\/dermatologically_tested_807x807px-1.webp\" class=\"attachment-full size-full wp-image-1944\" alt=\"\" srcset=\"https:\/\/schwabo.hu\/wp-content\/uploads\/2025\/08\/dermatologically_tested_807x807px-1.webp 807w, https:\/\/schwabo.hu\/wp-content\/uploads\/2025\/08\/dermatologically_tested_807x807px-1-300x300.webp 300w, https:\/\/schwabo.hu\/wp-content\/uploads\/2025\/08\/dermatologically_tested_807x807px-1-150x150.webp 150w, https:\/\/schwabo.hu\/wp-content\/uploads\/2025\/08\/dermatologically_tested_807x807px-1-768x768.webp 768w, https:\/\/schwabo.hu\/wp-content\/uploads\/2025\/08\/dermatologically_tested_807x807px-1-12x12.webp 12w\" sizes=\"(max-width: 807px) 100vw, 807px\" \/><\/figure><div class=\"elementor-image-box-content\"><h3 class=\"elementor-image-box-title\">Dermatologically tested<\/h3><p class=\"elementor-image-box-description\">If this symbol appears on the packaging, you can be sure that the product will not cause skin irritation in most cases and is therefore safe to use.<\/p><\/div><\/div>\t\t<\/div>\n\t\t\t\t<\/div>\n\t\t\t\t\t<\/div>\n\t\t\t\t<\/div>\n\t\t\t\t<\/div>","protected":false},"excerpt":{"rendered":"<p>Katrin term\u00e9ktan\u00fas\u00edtv\u00e1nyok \u00e9s min\u0151s\u00edt\u00e9sek A Mets\u00e4 Group sz\u00e1m\u00e1ra kiemelten fontos, hogy olyan term\u00e9keket gy\u00e1rtson, amelyek megb\u00edzhat\u00f3ak, magas sz\u00ednvonal\u00faak, biztons\u00e1gosak a haszn\u00e1lat sor\u00e1n, \u00e9s a lehet\u0151 legkisebb m\u00e9rt\u00e9kben terhelik a k\u00f6rnyezetet. Ez nem egyszeri feladat, hanem egy folyamatos fejleszt\u00e9si folyamat, amelynek szerves r\u00e9sze a tan\u00fas\u00edtv\u00e1nyok megszerz\u00e9se \u00e9s megtart\u00e1sa. Annak \u00e9rdek\u00e9ben, hogy ez a fejl\u0151d\u00e9s ne \u00e1lljon [&hellip;]<\/p>","protected":false},"author":1,"featured_media":0,"parent":0,"menu_order":0,"comment_status":"closed","ping_status":"closed","template":"elementor_header_footer","meta":{"footnotes":""},"class_list":["post-1940","page","type-page","status-publish","hentry"],"_links":{"self":[{"href":"https:\/\/schwabo.hu\/en\/wp-json\/wp\/v2\/pages\/1940","targetHints":{"allow":["GET"]}}],"collection":[{"href":"https:\/\/schwabo.hu\/en\/wp-json\/wp\/v2\/pages"}],"about":[{"href":"https:\/\/schwabo.hu\/en\/wp-json\/wp\/v2\/types\/page"}],"author":[{"embeddable":true,"href":"https:\/\/schwabo.hu\/en\/wp-json\/wp\/v2\/users\/1"}],"replies":[{"embeddable":true,"href":"https:\/\/schwabo.hu\/en\/wp-json\/wp\/v2\/comments?post=1940"}],"version-history":[{"count":7,"href":"https:\/\/schwabo.hu\/en\/wp-json\/wp\/v2\/pages\/1940\/revisions"}],"predecessor-version":[{"id":1959,"href":"https:\/\/schwabo.hu\/en\/wp-json\/wp\/v2\/pages\/1940\/revisions\/1959"}],"wp:attachment":[{"href":"https:\/\/schwabo.hu\/en\/wp-json\/wp\/v2\/media?parent=1940"}],"curies":[{"name":"wp","href":"https:\/\/api.w.org\/{rel}","templated":true}]}}