{"id":229,"date":"2024-10-06T13:44:48","date_gmt":"2024-10-06T11:44:48","guid":{"rendered":"https:\/\/galocaffe.hu\/schwabo\/?page_id=229"},"modified":"2025-02-25T09:35:00","modified_gmt":"2025-02-25T08:35:00","slug":"megoldasaink","status":"publish","type":"page","link":"https:\/\/schwabo.hu\/en\/megoldasaink\/","title":{"rendered":"Our solutions"},"content":{"rendered":"<div data-elementor-type=\"wp-page\" data-elementor-id=\"229\" class=\"elementor elementor-229\" data-elementor-post-type=\"page\">\n\t\t\t\t\t\t<section class=\"elementor-section elementor-top-section elementor-element elementor-element-9a6db41 elementor-section-boxed elementor-section-height-default elementor-section-height-default\" data-id=\"9a6db41\" data-element_type=\"section\">\n\t\t\t\t\t\t<div class=\"elementor-container elementor-column-gap-default\">\n\t\t\t\t\t<div class=\"elementor-column elementor-col-100 elementor-top-column elementor-element elementor-element-67b7d0a\" data-id=\"67b7d0a\" data-element_type=\"column\">\n\t\t\t<div class=\"elementor-widget-wrap elementor-element-populated\">\n\t\t\t\t\t\t<div class=\"elementor-element elementor-element-284009a elementor-widget elementor-widget-image\" data-id=\"284009a\" data-element_type=\"widget\" data-widget_type=\"image.default\">\n\t\t\t\t<div class=\"elementor-widget-container\">\n\t\t\t\t\t\t\t\t\t\t\t\t\t<img decoding=\"async\" width=\"6\" height=\"59\" src=\"https:\/\/schwabo.hu\/wp-content\/uploads\/2024\/10\/drop.png\" class=\"attachment-large size-large wp-image-13\" alt=\"\" \/>\t\t\t\t\t\t\t\t\t\t\t\t\t<\/div>\n\t\t\t\t<\/div>\n\t\t\t\t<div class=\"elementor-element elementor-element-5766063 elementor-widget elementor-widget-heading\" data-id=\"5766063\" data-element_type=\"widget\" data-widget_type=\"heading.default\">\n\t\t\t\t<div class=\"elementor-widget-container\">\n\t\t\t<h2 class=\"elementor-heading-title elementor-size-default\">We have created customized services, <br><span class=\"textbg\">to provide the best possible assistance <\/span><\/h2>\t\t<\/div>\n\t\t\t\t<\/div>\n\t\t\t\t<div class=\"elementor-element elementor-element-1f6f9cc elementor-widget elementor-widget-text-editor\" data-id=\"1f6f9cc\" data-element_type=\"widget\" data-widget_type=\"text-editor.default\">\n\t\t\t\t<div class=\"elementor-widget-container\">\n\t\t\t\t\t\t\t<p>These are the businesses we can help the most, because <strong>we know exactly what challenges they face every day<\/strong> \u00e9s olyan <span style=\"text-decoration: underline;\">and we offer solutions that create significant value for them\u00a0<\/span><\/p>\t\t\t\t\t\t<\/div>\n\t\t\t\t<\/div>\n\t\t\t\t<section class=\"elementor-section elementor-inner-section elementor-element elementor-element-4b8bdfe elementor-section-boxed elementor-section-height-default elementor-section-height-default\" data-id=\"4b8bdfe\" data-element_type=\"section\">\n\t\t\t\t\t\t<div class=\"elementor-container elementor-column-gap-default\">\n\t\t\t\t\t<div class=\"elementor-column elementor-col-33 elementor-inner-column elementor-element elementor-element-1d09ebc\" data-id=\"1d09ebc\" data-element_type=\"column\">\n\t\t\t<div class=\"elementor-widget-wrap elementor-element-populated\">\n\t\t\t\t\t\t<div class=\"elementor-element elementor-element-6920b27 elementor-widget__width-auto elementor-widget elementor-widget-image\" data-id=\"6920b27\" data-element_type=\"widget\" data-widget_type=\"image.default\">\n\t\t\t\t<div class=\"elementor-widget-container\">\n\t\t\t\t\t\t\t\t\t\t\t\t\t\t<a href=\"https:\/\/schwabo.hu\/en\/elelmiszer-es-elelmiszer-jellegu-vegyes-boltok\/\">\n\t\t\t\t\t\t\t<img fetchpriority=\"high\" decoding=\"async\" width=\"300\" height=\"282\" src=\"https:\/\/schwabo.hu\/wp-content\/uploads\/2024\/10\/Schwabo_elelmiszer_design-300x282.png\" class=\"attachment-medium size-medium wp-image-625\" alt=\"\" srcset=\"https:\/\/schwabo.hu\/wp-content\/uploads\/2024\/10\/Schwabo_elelmiszer_design-300x282.png 300w, https:\/\/schwabo.hu\/wp-content\/uploads\/2024\/10\/Schwabo_elelmiszer_design-768x721.png 768w, https:\/\/schwabo.hu\/wp-content\/uploads\/2024\/10\/Schwabo_elelmiszer_design.png 1000w\" sizes=\"(max-width: 300px) 100vw, 300px\" \/>\t\t\t\t\t\t\t\t<\/a>\n\t\t\t\t\t\t\t\t\t\t\t\t\t<\/div>\n\t\t\t\t<\/div>\n\t\t\t\t<div class=\"elementor-element elementor-element-9cbb93d elementor-widget elementor-widget-heading\" data-id=\"9cbb93d\" data-element_type=\"widget\" data-widget_type=\"heading.default\">\n\t\t\t\t<div class=\"elementor-widget-container\">\n\t\t\t<h6 class=\"elementor-heading-title elementor-size-default\"><a href=\"https:\/\/schwabo.hu\/en\/elelmiszer-es-elelmiszer-jellegu-vegyes-boltok\/\">Grocery and food-related convenience stores<\/a><\/h6>\t\t<\/div>\n\t\t\t\t<\/div>\n\t\t\t\t<div class=\"elementor-element elementor-element-4da6657 elementor-widget elementor-widget-text-editor\" data-id=\"4da6657\" data-element_type=\"widget\" data-widget_type=\"text-editor.default\">\n\t\t\t\t<div class=\"elementor-widget-container\">\n\t\t\t\t\t\t\t<p>For these shops, we have developed specific solutions for frequent stock refreshes to ensure that they always have the right amount of thermal paper.\u00a0<\/p>\t\t\t\t\t\t<\/div>\n\t\t\t\t<\/div>\n\t\t\t\t\t<\/div>\n\t\t<\/div>\n\t\t\t\t<div class=\"elementor-column elementor-col-33 elementor-inner-column elementor-element elementor-element-2e14d3f\" data-id=\"2e14d3f\" data-element_type=\"column\">\n\t\t\t<div class=\"elementor-widget-wrap elementor-element-populated\">\n\t\t\t\t\t\t<div class=\"elementor-element elementor-element-9cf239f elementor-widget__width-auto elementor-widget elementor-widget-image\" data-id=\"9cf239f\" data-element_type=\"widget\" data-widget_type=\"image.default\">\n\t\t\t\t<div class=\"elementor-widget-container\">\n\t\t\t\t\t\t\t\t\t\t\t\t\t\t<a href=\"https:\/\/schwabo.hu\/en\/iparcikk-jellegu-vegyes-boltok\/\">\n\t\t\t\t\t\t\t<img decoding=\"async\" width=\"300\" height=\"282\" src=\"https:\/\/schwabo.hu\/wp-content\/uploads\/2024\/10\/Schwabo_iparcikk_design-300x282.png\" class=\"attachment-medium size-medium wp-image-626\" alt=\"\" srcset=\"https:\/\/schwabo.hu\/wp-content\/uploads\/2024\/10\/Schwabo_iparcikk_design-300x282.png 300w, https:\/\/schwabo.hu\/wp-content\/uploads\/2024\/10\/Schwabo_iparcikk_design-768x721.png 768w, https:\/\/schwabo.hu\/wp-content\/uploads\/2024\/10\/Schwabo_iparcikk_design.png 1000w\" sizes=\"(max-width: 300px) 100vw, 300px\" \/>\t\t\t\t\t\t\t\t<\/a>\n\t\t\t\t\t\t\t\t\t\t\t\t\t<\/div>\n\t\t\t\t<\/div>\n\t\t\t\t<div class=\"elementor-element elementor-element-a9cfd23 elementor-widget elementor-widget-heading\" data-id=\"a9cfd23\" data-element_type=\"widget\" data-widget_type=\"heading.default\">\n\t\t\t\t<div class=\"elementor-widget-container\">\n\t\t\t<h6 class=\"elementor-heading-title elementor-size-default\"><a href=\"https:\/\/schwabo.hu\/en\/iparcikk-jellegu-vegyes-boltok\/\">Industry nature general store<\/a><\/h6>\t\t<\/div>\n\t\t\t\t<\/div>\n\t\t\t\t<div class=\"elementor-element elementor-element-c32f8be elementor-widget elementor-widget-text-editor\" data-id=\"c32f8be\" data-element_type=\"widget\" data-widget_type=\"text-editor.default\">\n\t\t\t\t<div class=\"elementor-widget-container\">\n\t\t\t\t\t\t\t<p>We ensure a continuous and timely supply of thermal paper to ensure that all your transactions go smoothly.\u00a0<\/p>\t\t\t\t\t\t<\/div>\n\t\t\t\t<\/div>\n\t\t\t\t\t<\/div>\n\t\t<\/div>\n\t\t\t\t<div class=\"elementor-column elementor-col-33 elementor-inner-column elementor-element elementor-element-3178e0b\" data-id=\"3178e0b\" data-element_type=\"column\">\n\t\t\t<div class=\"elementor-widget-wrap elementor-element-populated\">\n\t\t\t\t\t\t<div class=\"elementor-element elementor-element-01fb67e elementor-widget__width-auto elementor-widget elementor-widget-image\" data-id=\"01fb67e\" data-element_type=\"widget\" data-widget_type=\"image.default\">\n\t\t\t\t<div class=\"elementor-widget-container\">\n\t\t\t\t\t\t\t\t\t\t\t\t\t\t<a href=\"https:\/\/schwabo.hu\/en\/mobiltelefon-szakuzletek\/\">\n\t\t\t\t\t\t\t<img loading=\"lazy\" decoding=\"async\" width=\"300\" height=\"282\" src=\"https:\/\/schwabo.hu\/wp-content\/uploads\/2024\/10\/Schwabo_telekommunikacios_design-300x282.png\" class=\"attachment-medium size-medium wp-image-628\" alt=\"\" srcset=\"https:\/\/schwabo.hu\/wp-content\/uploads\/2024\/10\/Schwabo_telekommunikacios_design-300x282.png 300w, https:\/\/schwabo.hu\/wp-content\/uploads\/2024\/10\/Schwabo_telekommunikacios_design-768x721.png 768w, https:\/\/schwabo.hu\/wp-content\/uploads\/2024\/10\/Schwabo_telekommunikacios_design.png 1000w\" sizes=\"(max-width: 300px) 100vw, 300px\" \/>\t\t\t\t\t\t\t\t<\/a>\n\t\t\t\t\t\t\t\t\t\t\t\t\t<\/div>\n\t\t\t\t<\/div>\n\t\t\t\t<div class=\"elementor-element elementor-element-261e4e2 elementor-widget elementor-widget-heading\" data-id=\"261e4e2\" data-element_type=\"widget\" data-widget_type=\"heading.default\">\n\t\t\t\t<div class=\"elementor-widget-container\">\n\t\t\t<h6 class=\"elementor-heading-title elementor-size-default\"><a href=\"https:\/\/schwabo.hu\/en\/mobiltelefon-szakuzletek\/\">Telecommunication products<\/a><\/h6>\t\t<\/div>\n\t\t\t\t<\/div>\n\t\t\t\t<div class=\"elementor-element elementor-element-a10e9b0 elementor-widget elementor-widget-text-editor\" data-id=\"a10e9b0\" data-element_type=\"widget\" data-widget_type=\"text-editor.default\">\n\t\t\t\t<div class=\"elementor-widget-container\">\n\t\t\t\t\t\t\t<p>We offer customized services that guarantee a continuous supply of thermal paper. Customized solutions ensure that there is always enough stock, even during busy periods.<\/p>\t\t\t\t\t\t<\/div>\n\t\t\t\t<\/div>\n\t\t\t\t\t<\/div>\n\t\t<\/div>\n\t\t\t\t\t<\/div>\n\t\t<\/section>\n\t\t\t\t<section class=\"elementor-section elementor-inner-section elementor-element elementor-element-d53b423 elementor-section-boxed elementor-section-height-default elementor-section-height-default\" data-id=\"d53b423\" data-element_type=\"section\">\n\t\t\t\t\t\t<div class=\"elementor-container elementor-column-gap-default\">\n\t\t\t\t\t<div class=\"elementor-column elementor-col-33 elementor-inner-column elementor-element elementor-element-e1f7bab\" data-id=\"e1f7bab\" data-element_type=\"column\">\n\t\t\t<div class=\"elementor-widget-wrap elementor-element-populated\">\n\t\t\t\t\t\t<div class=\"elementor-element elementor-element-cc9db9f elementor-widget__width-auto elementor-widget elementor-widget-image\" data-id=\"cc9db9f\" data-element_type=\"widget\" data-widget_type=\"image.default\">\n\t\t\t\t<div class=\"elementor-widget-container\">\n\t\t\t\t\t\t\t\t\t\t\t\t\t\t<a href=\"https:\/\/schwabo.hu\/en\/konyv-ujsag-papiraru-boltok\/\">\n\t\t\t\t\t\t\t<img loading=\"lazy\" decoding=\"async\" width=\"300\" height=\"282\" src=\"https:\/\/schwabo.hu\/wp-content\/uploads\/2024\/10\/Schwabo_konyv_design-300x282.png\" class=\"attachment-medium size-medium wp-image-630\" alt=\"\" srcset=\"https:\/\/schwabo.hu\/wp-content\/uploads\/2024\/10\/Schwabo_konyv_design-300x282.png 300w, https:\/\/schwabo.hu\/wp-content\/uploads\/2024\/10\/Schwabo_konyv_design-768x721.png 768w, https:\/\/schwabo.hu\/wp-content\/uploads\/2024\/10\/Schwabo_konyv_design.png 1000w\" sizes=\"(max-width: 300px) 100vw, 300px\" \/>\t\t\t\t\t\t\t\t<\/a>\n\t\t\t\t\t\t\t\t\t\t\t\t\t<\/div>\n\t\t\t\t<\/div>\n\t\t\t\t<div class=\"elementor-element elementor-element-db02f9e elementor-widget elementor-widget-heading\" data-id=\"db02f9e\" data-element_type=\"widget\" data-widget_type=\"heading.default\">\n\t\t\t\t<div class=\"elementor-widget-container\">\n\t\t\t<h6 class=\"elementor-heading-title elementor-size-default\"><a href=\"https:\/\/schwabo.hu\/en\/konyv-ujsag-papiraru-boltok\/\">Book, newspaper and stationery shops<\/a><\/h6>\t\t<\/div>\n\t\t\t\t<\/div>\n\t\t\t\t<div class=\"elementor-element elementor-element-5c491a9 elementor-widget elementor-widget-text-editor\" data-id=\"5c491a9\" data-element_type=\"widget\" data-widget_type=\"text-editor.default\">\n\t\t\t\t<div class=\"elementor-widget-container\">\n\t\t\t\t\t\t\t<p>We ensure a continuous and timely supply of thermal paper to ensure that all your transactions go smoothly.\u00a0<\/p>\t\t\t\t\t\t<\/div>\n\t\t\t\t<\/div>\n\t\t\t\t\t<\/div>\n\t\t<\/div>\n\t\t\t\t<div class=\"elementor-column elementor-col-33 elementor-inner-column elementor-element elementor-element-d6a28ca\" data-id=\"d6a28ca\" data-element_type=\"column\">\n\t\t\t<div class=\"elementor-widget-wrap elementor-element-populated\">\n\t\t\t\t\t\t<div class=\"elementor-element elementor-element-f15ea2f elementor-widget__width-auto elementor-widget elementor-widget-image\" data-id=\"f15ea2f\" data-element_type=\"widget\" data-widget_type=\"image.default\">\n\t\t\t\t<div class=\"elementor-widget-container\">\n\t\t\t\t\t\t\t\t\t\t\t\t\t\t<a href=\"https:\/\/schwabo.hu\/en\/gyogyszertarak-es-illatszer-boltok\/\">\n\t\t\t\t\t\t\t<img loading=\"lazy\" decoding=\"async\" width=\"300\" height=\"282\" src=\"https:\/\/schwabo.hu\/wp-content\/uploads\/2024\/10\/Schwabo_gyogyszertar_design_2-300x282.png\" class=\"attachment-medium size-medium wp-image-623\" alt=\"\" srcset=\"https:\/\/schwabo.hu\/wp-content\/uploads\/2024\/10\/Schwabo_gyogyszertar_design_2-300x282.png 300w, https:\/\/schwabo.hu\/wp-content\/uploads\/2024\/10\/Schwabo_gyogyszertar_design_2-768x721.png 768w, https:\/\/schwabo.hu\/wp-content\/uploads\/2024\/10\/Schwabo_gyogyszertar_design_2.png 1000w\" sizes=\"(max-width: 300px) 100vw, 300px\" \/>\t\t\t\t\t\t\t\t<\/a>\n\t\t\t\t\t\t\t\t\t\t\t\t\t<\/div>\n\t\t\t\t<\/div>\n\t\t\t\t<div class=\"elementor-element elementor-element-e955519 elementor-widget elementor-widget-heading\" data-id=\"e955519\" data-element_type=\"widget\" data-widget_type=\"heading.default\">\n\t\t\t\t<div class=\"elementor-widget-container\">\n\t\t\t<h6 class=\"elementor-heading-title elementor-size-default\"><a href=\"https:\/\/schwabo.hu\/en\/gyogyszertarak-es-illatszer-boltok\/\">Pharmacies and perfume shops<\/a><\/h6>\t\t<\/div>\n\t\t\t\t<\/div>\n\t\t\t\t<div class=\"elementor-element elementor-element-dd341d8 elementor-widget elementor-widget-text-editor\" data-id=\"dd341d8\" data-element_type=\"widget\" data-widget_type=\"text-editor.default\">\n\t\t\t\t<div class=\"elementor-widget-container\">\n\t\t\t\t\t\t\t<p>Our services for shops with specific needs ensure that all your cash register systems run smoothly.<\/p>\t\t\t\t\t\t<\/div>\n\t\t\t\t<\/div>\n\t\t\t\t\t<\/div>\n\t\t<\/div>\n\t\t\t\t<div class=\"elementor-column elementor-col-33 elementor-inner-column elementor-element elementor-element-97e65f4\" data-id=\"97e65f4\" data-element_type=\"column\">\n\t\t\t<div class=\"elementor-widget-wrap elementor-element-populated\">\n\t\t\t\t\t\t<div class=\"elementor-element elementor-element-8d1b678 elementor-widget__width-auto elementor-widget elementor-widget-image\" data-id=\"8d1b678\" data-element_type=\"widget\" data-widget_type=\"image.default\">\n\t\t\t\t<div class=\"elementor-widget-container\">\n\t\t\t\t\t\t\t\t\t\t\t\t\t\t<a href=\"https:\/\/schwabo.hu\/en\/egyedi-ajanlatok-nagyvallalatok-szamara\/\">\n\t\t\t\t\t\t\t<img loading=\"lazy\" decoding=\"async\" width=\"300\" height=\"282\" src=\"https:\/\/schwabo.hu\/wp-content\/uploads\/2024\/10\/Schwabo_egyedi_design-300x282.png\" class=\"attachment-medium size-medium wp-image-624\" alt=\"\" srcset=\"https:\/\/schwabo.hu\/wp-content\/uploads\/2024\/10\/Schwabo_egyedi_design-300x282.png 300w, https:\/\/schwabo.hu\/wp-content\/uploads\/2024\/10\/Schwabo_egyedi_design-768x721.png 768w, https:\/\/schwabo.hu\/wp-content\/uploads\/2024\/10\/Schwabo_egyedi_design.png 1000w\" sizes=\"(max-width: 300px) 100vw, 300px\" \/>\t\t\t\t\t\t\t\t<\/a>\n\t\t\t\t\t\t\t\t\t\t\t\t\t<\/div>\n\t\t\t\t<\/div>\n\t\t\t\t<div class=\"elementor-element elementor-element-ac52756 elementor-widget elementor-widget-heading\" data-id=\"ac52756\" data-element_type=\"widget\" data-widget_type=\"heading.default\">\n\t\t\t\t<div class=\"elementor-widget-container\">\n\t\t\t<h6 class=\"elementor-heading-title elementor-size-default\"><a href=\"https:\/\/schwabo.hu\/en\/egyedi-ajanlatok-nagyvallalatok-szamara\/\">Individual offers for large companies<\/a><\/h6>\t\t<\/div>\n\t\t\t\t<\/div>\n\t\t\t\t<div class=\"elementor-element elementor-element-910e976 elementor-widget elementor-widget-text-editor\" data-id=\"910e976\" data-element_type=\"widget\" data-widget_type=\"text-editor.default\">\n\t\t\t\t<div class=\"elementor-widget-container\">\n\t\t\t\t\t\t\t<div class=\"flex max-w-full flex-col flex-grow\"><div class=\"min-h-8 text-message flex w-full flex-col items-end gap-2 whitespace-normal break-words [.text-message+&amp;]:mt-5\" dir=\"auto\" data-message-author-role=\"assistant\" data-message-id=\"205c4458-2c6c-4ab8-8cae-33329973fdf6\"><div class=\"flex w-full flex-col gap-1 empty:hidden first:pt-[3px]\"><div class=\"markdown prose w-full break-words dark:prose-invert dark\"><p>For large companies, we offer customised solutions to ensure a continuous and efficient supply of stock to different sites and shops.\u00a0<\/p><\/div><\/div><\/div><\/div>\t\t\t\t\t\t<\/div>\n\t\t\t\t<\/div>\n\t\t\t\t\t<\/div>\n\t\t<\/div>\n\t\t\t\t\t<\/div>\n\t\t<\/section>\n\t\t\t\t\t<\/div>\n\t\t<\/div>\n\t\t\t\t\t<\/div>\n\t\t<\/section>\n\t\t\t\t<\/div>","protected":false},"excerpt":{"rendered":"<p>Egyedi szolg\u00e1ltat\u00e1sokat hoztunk l\u00e9tre, hogy a legnagyobb seg\u00edts\u00e9get ny\u00fajthassuk Ezeknek a v\u00e1llalkoz\u00e1soknak tudjuk a legnagyobb seg\u00edts\u00e9get ny\u00fajtani, hiszen pontosan tudjuk, milyen kih\u00edv\u00e1sokkal n\u00e9znek szembe nap mint nap, \u00e9s olyan megold\u00e1sokat k\u00edn\u00e1lunk, amelyek jelent\u0151s \u00e9rt\u00e9ket teremtenek sz\u00e1mukra.\u00a0 \u00c9lelmiszer \u00e9s \u00e9lelmiszer jelleg\u0171 vegyes boltok Ezeknek az \u00fczleteknek egyedi megold\u00e1sokat dolgoztunk ki a gyakori k\u00e9szletfriss\u00edt\u00e9sek \u00e9rdek\u00e9ben, hogy mindig [&hellip;]<\/p>","protected":false},"author":1,"featured_media":0,"parent":0,"menu_order":0,"comment_status":"closed","ping_status":"closed","template":"elementor_header_footer","meta":{"footnotes":""},"class_list":["post-229","page","type-page","status-publish","hentry"],"_links":{"self":[{"href":"https:\/\/schwabo.hu\/en\/wp-json\/wp\/v2\/pages\/229","targetHints":{"allow":["GET"]}}],"collection":[{"href":"https:\/\/schwabo.hu\/en\/wp-json\/wp\/v2\/pages"}],"about":[{"href":"https:\/\/schwabo.hu\/en\/wp-json\/wp\/v2\/types\/page"}],"author":[{"embeddable":true,"href":"https:\/\/schwabo.hu\/en\/wp-json\/wp\/v2\/users\/1"}],"replies":[{"embeddable":true,"href":"https:\/\/schwabo.hu\/en\/wp-json\/wp\/v2\/comments?post=229"}],"version-history":[{"count":13,"href":"https:\/\/schwabo.hu\/en\/wp-json\/wp\/v2\/pages\/229\/revisions"}],"predecessor-version":[{"id":1608,"href":"https:\/\/schwabo.hu\/en\/wp-json\/wp\/v2\/pages\/229\/revisions\/1608"}],"wp:attachment":[{"href":"https:\/\/schwabo.hu\/en\/wp-json\/wp\/v2\/media?parent=229"}],"curies":[{"name":"wp","href":"https:\/\/api.w.org\/{rel}","templated":true}]}}